{"id":2565,"date":"2021-03-22T17:12:46","date_gmt":"2021-03-22T16:12:46","guid":{"rendered":"https:\/\/foto-video.dk\/?page_id=2565"},"modified":"2021-03-22T17:48:53","modified_gmt":"2021-03-22T16:48:53","slug":"video","status":"publish","type":"page","link":"https:\/\/foto-video.dk\/?page_id=2565","title":{"rendered":"Video"},"content":{"rendered":"<nav aria-label=\"breadcrumbs\">\n            <div class=\"breadcrumb-container theme1\">\n                <ol>\n                    <li><a title=\"Du er her\" href=\"#\"><span>Du er her<\/span><\/a><span class=\"separator\">&gt;&gt;<\/span><\/li>\n                    <\/ol>\n            <\/div>\n        <\/nav>    <script type=\"application\/ld+json\">\n        {\n            \"@context\": \"http:\/\/schema.org\",\n            \"@type\": \"BreadcrumbList\",\n            \"itemListElement\": [\n                 {\n                            \"@type\": \"ListItem\",\n                            \"position\": 1,\n                            \"item\": {\n                                \"@id\": \"#\",\n                                \"name\": \"Du er her\"\n                            }\n                        }\n                                                    ]\n        }\n    <\/script>\n   \n    <script>\n            <\/script>\n\n<hr \/>\n<p><img decoding=\"async\" class=\"size-medium wp-image-2582 aligncenter\" src=\"https:\/\/foto-video.dk\/wp-content\/uploads\/2021\/03\/Chris_Rea_Working_on_It_1989_Single_Cover-300x300.jpg\" alt=\"\" width=\"300\" height=\"300\" srcset=\"https:\/\/foto-video.dk\/wp-content\/uploads\/2021\/03\/Chris_Rea_Working_on_It_1989_Single_Cover-300x300.jpg 300w, https:\/\/foto-video.dk\/wp-content\/uploads\/2021\/03\/Chris_Rea_Working_on_It_1989_Single_Cover-150x150.jpg 150w, https:\/\/foto-video.dk\/wp-content\/uploads\/2021\/03\/Chris_Rea_Working_on_It_1989_Single_Cover.jpg 308w\" sizes=\"(max-width: 300px) 100vw, 300px\" \/><\/p>\n<p style=\"text-align: center;\">Under dette menupunkt vil der blive opbygget foto (optage) teknikker specielt for video optagelser<\/p>\n<p style=\"text-align: center;\">Men du m\u00e5 desv\u00e6rre have lidt mere t\u00e5lmodighed &#8211; undskyld ulejligheden<\/p>\n<p>&nbsp;<\/p>\n","protected":false},"excerpt":{"rendered":"<p>Under dette menupunkt vil der blive opbygget foto (optage) teknikker specielt for video optagelser Men du m\u00e5 desv\u00e6rre have lidt mere t\u00e5lmodighed &#8211; undskyld ulejligheden &nbsp;<\/p>\n","protected":false},"author":1,"featured_media":0,"parent":0,"menu_order":20,"comment_status":"closed","ping_status":"closed","template":"","meta":{"footnotes":""},"class_list":["post-2565","page","type-page","status-publish","hentry","post"],"_links":{"self":[{"href":"https:\/\/foto-video.dk\/index.php?rest_route=\/wp\/v2\/pages\/2565","targetHints":{"allow":["GET"]}}],"collection":[{"href":"https:\/\/foto-video.dk\/index.php?rest_route=\/wp\/v2\/pages"}],"about":[{"href":"https:\/\/foto-video.dk\/index.php?rest_route=\/wp\/v2\/types\/page"}],"author":[{"embeddable":true,"href":"https:\/\/foto-video.dk\/index.php?rest_route=\/wp\/v2\/users\/1"}],"replies":[{"embeddable":true,"href":"https:\/\/foto-video.dk\/index.php?rest_route=%2Fwp%2Fv2%2Fcomments&post=2565"}],"version-history":[{"count":5,"href":"https:\/\/foto-video.dk\/index.php?rest_route=\/wp\/v2\/pages\/2565\/revisions"}],"predecessor-version":[{"id":2585,"href":"https:\/\/foto-video.dk\/index.php?rest_route=\/wp\/v2\/pages\/2565\/revisions\/2585"}],"wp:attachment":[{"href":"https:\/\/foto-video.dk\/index.php?rest_route=%2Fwp%2Fv2%2Fmedia&parent=2565"}],"curies":[{"name":"wp","href":"https:\/\/api.w.org\/{rel}","templated":true}]}}